{"id":210,"date":"2025-10-07T23:46:58","date_gmt":"2025-10-07T21:46:58","guid":{"rendered":"https:\/\/elec-vision.fr\/?page_id=210"},"modified":"2025-10-21T13:26:29","modified_gmt":"2025-10-21T11:26:29","slug":"panneau-solaire","status":"publish","type":"page","link":"https:\/\/elec-vision.fr\/?page_id=210","title":{"rendered":"Panneau Solaire"},"content":{"rendered":"\n<div class=\"wp-block-cover alignfull is-light\" style=\"min-height:250px;aspect-ratio:unset;\"><img loading=\"lazy\" decoding=\"async\" width=\"1280\" height=\"720\" class=\"wp-block-cover__image-background wp-image-266 size-full\" alt=\"\" src=\"https:\/\/elec-vision.fr\/wp-content\/uploads\/2025\/10\/solar-panel-1393880_1280.png\" data-object-fit=\"cover\" srcset=\"https:\/\/elec-vision.fr\/wp-content\/uploads\/2025\/10\/solar-panel-1393880_1280.png 1280w, https:\/\/elec-vision.fr\/wp-content\/uploads\/2025\/10\/solar-panel-1393880_1280-300x169.png 300w, https:\/\/elec-vision.fr\/wp-content\/uploads\/2025\/10\/solar-panel-1393880_1280-1024x576.png 1024w, https:\/\/elec-vision.fr\/wp-content\/uploads\/2025\/10\/solar-panel-1393880_1280-768x432.png 768w\" sizes=\"auto, (max-width: 1280px) 100vw, 1280px\" \/><span aria-hidden=\"true\" class=\"wp-block-cover__background has-white-background-color has-background-dim-30 has-background-dim\"><\/span><div class=\"wp-block-cover__inner-container has-global-padding is-layout-constrained wp-container-core-cover-is-layout-4383d167 wp-block-cover-is-layout-constrained\">\n<p><\/p>\n\n\n\n<p><\/p>\n\n\n\n<h2 class=\"wp-block-heading has-text-align-center has-text-color has-link-color has-suranna-font-family wp-elements-f9fd2d4d0edf2c8dcf1c92e02e85e96c\" style=\"color:#07277c;font-size:clamp(33.419px, 2.089rem + ((1vw - 3.2px) * 3.021), 60px);font-style:normal;font-weight:500\">Panneau Solaire<\/h2>\n<\/div><\/div>\n\n\n\n<div class=\"wp-block-group alignfull has-global-padding is-layout-constrained wp-container-core-group-is-layout-4383d167 wp-block-group-is-layout-constrained\">\n<div class=\"wp-block-group alignwide has-text-color has-link-color wp-elements-0d328c46ff9fe777c69532c2fab0d8d2 has-global-padding is-layout-constrained wp-container-core-group-is-layout-3dead192 wp-block-group-is-layout-constrained\" style=\"color:#12418d;margin-top:0;margin-bottom:0;padding-top:80px;padding-bottom:80px\">\n<div class=\"wp-block-columns alignwide is-layout-flex wp-container-core-columns-is-layout-9cf8123d wp-block-columns-is-layout-flex\">\n<div class=\"wp-block-column is-layout-flow wp-block-column-is-layout-flow\">\n<figure class=\"wp-block-image size-full has-custom-border\"><img loading=\"lazy\" decoding=\"async\" width=\"1000\" height=\"563\" src=\"https:\/\/elec-vision.fr\/wp-content\/uploads\/2025\/10\/Panneaux-Solaire-2.png\" alt=\"\" class=\"wp-image-300\" style=\"border-radius:50px;aspect-ratio:4\/3;object-fit:cover\" srcset=\"https:\/\/elec-vision.fr\/wp-content\/uploads\/2025\/10\/Panneaux-Solaire-2.png 1000w, https:\/\/elec-vision.fr\/wp-content\/uploads\/2025\/10\/Panneaux-Solaire-2-300x169.png 300w, https:\/\/elec-vision.fr\/wp-content\/uploads\/2025\/10\/Panneaux-Solaire-2-768x432.png 768w\" sizes=\"auto, (max-width: 1000px) 100vw, 1000px\" \/><\/figure>\n<\/div>\n\n\n\n<div class=\"wp-block-column is-vertically-aligned-center is-layout-flow wp-block-column-is-layout-flow\" style=\"padding-left:15px\">\n<h2 class=\"wp-block-heading has-text-color has-link-color has-suranna-font-family wp-elements-67c6ec946c8e487148e4c48da14735b8\" style=\"color:#12418d;font-size:clamp(32.518px, 2.032rem + ((1vw - 3.2px) * 2.896), 58px);font-style:normal;font-weight:500;line-height:0.7\">Panneau Solaire<\/h2>\n\n\n\n<p class=\"has-text-color has-link-color has-outfit-font-family wp-elements-8e727da7e51555348310b07560e40ec8\" style=\"color:#12418d;font-size:clamp(14px, 0.875rem + ((1vw - 3.2px) * 0.455), 18px);font-style:normal;font-weight:400\">Le Panneau Solaire est votre billet pour exploiter la puissance du soleil ! Nos installations de panneaux solaires vous aident \u00e0 g\u00e9n\u00e9rer de l\u2019\u00e9nergie propre et renouvelable pour votre maison ou votre entreprise. En choisissant le solaire, vous r\u00e9duisez non seulement vos factures d\u2019\u00e9lectricit\u00e9, mais vous contribuez \u00e9galement \u00e0 une plan\u00e8te plus saine. Notre \u00e9quipe d&rsquo;experts vous guidera tout au long du processus, de la s\u00e9lection des bons panneaux \u00e0 l&rsquo;installation professionnelle. Profitez des avantages de l&rsquo;ind\u00e9pendance \u00e9nerg\u00e9tique et de la durabilit\u00e9. Avec nos solutions Panneau Solaire, vous pouvez alimenter votre vie tout en \u00e9tant gentil avec l\u2019environnement. Brillez de lumi\u00e8re et \u00e9conomisez de l&rsquo;argent aujourd&rsquo;hui!<\/p>\n<\/div>\n<\/div>\n\n\n\n<div class=\"wp-block-columns alignwide has-text-color has-link-color wp-elements-066d7c04cd1145580d81d27c368a354a is-layout-flex wp-container-core-columns-is-layout-f9472849 wp-block-columns-is-layout-flex\" style=\"color:#12418d;padding-top:80px;padding-bottom:80px\">\n<div class=\"wp-block-column is-vertically-aligned-center has-text-color has-link-color wp-elements-f6c1367e71b084e20681dfb28a25cfc2 is-layout-flow wp-block-column-is-layout-flow\" style=\"color:#12418d;padding-right:15px\">\n<h2 class=\"wp-block-heading has-text-color has-link-color has-suranna-font-family wp-elements-02afdbeaddd469c9e555a30a36c49091\" style=\"color:#12418d;font-size:clamp(32.518px, 2.032rem + ((1vw - 3.2px) * 2.896), 58px);font-style:normal;font-weight:500;line-height:0.7\">Installation Solaire Autonome<\/h2>\n\n\n\n<p class=\"has-text-color has-link-color has-outfit-font-family wp-elements-ccf97b5326867323b48816a70232dc16\" style=\"color:#000000;font-size:clamp(14px, 0.875rem + ((1vw - 3.2px) * 0.455), 18px);font-style:normal;font-weight:400\"><\/p>\n<\/div>\n\n\n\n<div class=\"wp-block-column is-layout-flow wp-block-column-is-layout-flow\">\n<figure class=\"wp-block-image size-full has-custom-border\"><img loading=\"lazy\" decoding=\"async\" width=\"1710\" height=\"2560\" src=\"https:\/\/elec-vision.fr\/wp-content\/uploads\/2025\/10\/pexels-cristian-rojas-8853504-scaled.jpg\" alt=\"\" class=\"wp-image-272\" style=\"border-radius:50px;aspect-ratio:4\/3;object-fit:cover\" srcset=\"https:\/\/elec-vision.fr\/wp-content\/uploads\/2025\/10\/pexels-cristian-rojas-8853504-scaled.jpg 1710w, https:\/\/elec-vision.fr\/wp-content\/uploads\/2025\/10\/pexels-cristian-rojas-8853504-200x300.jpg 200w, https:\/\/elec-vision.fr\/wp-content\/uploads\/2025\/10\/pexels-cristian-rojas-8853504-684x1024.jpg 684w, https:\/\/elec-vision.fr\/wp-content\/uploads\/2025\/10\/pexels-cristian-rojas-8853504-768x1150.jpg 768w, https:\/\/elec-vision.fr\/wp-content\/uploads\/2025\/10\/pexels-cristian-rojas-8853504-1026x1536.jpg 1026w, https:\/\/elec-vision.fr\/wp-content\/uploads\/2025\/10\/pexels-cristian-rojas-8853504-1368x2048.jpg 1368w\" sizes=\"auto, (max-width: 1710px) 100vw, 1710px\" \/><\/figure>\n<\/div>\n<\/div>\n\n\n\n<div class=\"wp-block-columns alignwide is-layout-flex wp-container-core-columns-is-layout-9cf8123d wp-block-columns-is-layout-flex\">\n<div class=\"wp-block-column is-layout-flow wp-block-column-is-layout-flow\">\n<figure class=\"wp-block-image size-full has-custom-border\"><img loading=\"lazy\" decoding=\"async\" width=\"501\" height=\"330\" src=\"https:\/\/elec-vision.fr\/wp-content\/uploads\/2025\/10\/Panneaux-Solaire-1.png\" alt=\"\" class=\"wp-image-299\" style=\"border-radius:50px;aspect-ratio:4\/3;object-fit:cover\" srcset=\"https:\/\/elec-vision.fr\/wp-content\/uploads\/2025\/10\/Panneaux-Solaire-1.png 501w, https:\/\/elec-vision.fr\/wp-content\/uploads\/2025\/10\/Panneaux-Solaire-1-300x198.png 300w\" sizes=\"auto, (max-width: 501px) 100vw, 501px\" \/><\/figure>\n<\/div>\n\n\n\n<div class=\"wp-block-column is-vertically-aligned-center is-layout-flow wp-block-column-is-layout-flow\" style=\"padding-left:15px\">\n<h2 class=\"wp-block-heading has-text-color has-link-color has-suranna-font-family wp-elements-22220fa5f72bc803216fcd6edd90a309\" style=\"color:#12418d;font-size:clamp(32.518px, 2.032rem + ((1vw - 3.2px) * 2.896), 58px);font-style:normal;font-weight:500;line-height:0.7\">Installation Solaire reli\u00e9e au r\u00e9seau<\/h2>\n\n\n\n<p class=\"has-text-color has-link-color has-outfit-font-family wp-elements-ccf97b5326867323b48816a70232dc16\" style=\"color:#000000;font-size:clamp(14px, 0.875rem + ((1vw - 3.2px) * 0.455), 18px);font-style:normal;font-weight:400\"><\/p>\n<\/div>\n<\/div>\n<\/div>\n<\/div>\n\n\n\n<section class=\"wp-block-group alignfull has-text-color has-global-padding is-layout-constrained wp-container-core-group-is-layout-28b80094 wp-block-group-is-layout-constrained\" style=\"color:#010101;margin-top:0px;padding-top:4rem;padding-right:1rem;padding-bottom:4rem;padding-left:1rem;font-size:clamp(0.875rem, 0.875rem + ((1vw - 0.2rem) * 0.464), 1.13rem);font-style:normal;font-weight:400;line-height:1.4\">\n<div class=\"wp-block-columns are-vertically-aligned-center is-layout-flex wp-container-core-columns-is-layout-2709eace wp-block-columns-is-layout-flex\">\n<div class=\"wp-block-column is-vertically-aligned-center is-layout-flow wp-block-column-is-layout-flow\">\n<figure class=\"wp-block-image aligncenter size-full is-resized\"><img loading=\"lazy\" decoding=\"async\" width=\"512\" height=\"169\" src=\"https:\/\/elec-vision.fr\/wp-content\/uploads\/2025\/10\/unnamed-e1760485616818.png\" alt=\"\" class=\"wp-image-385\" style=\"width:150px\" srcset=\"https:\/\/elec-vision.fr\/wp-content\/uploads\/2025\/10\/unnamed-e1760485616818.png 512w, https:\/\/elec-vision.fr\/wp-content\/uploads\/2025\/10\/unnamed-e1760485616818-300x99.png 300w\" sizes=\"auto, (max-width: 512px) 100vw, 512px\" \/><\/figure>\n<\/div>\n\n\n\n<div class=\"wp-block-column is-vertically-aligned-center is-layout-flow wp-block-column-is-layout-flow\">\n<figure class=\"wp-block-image aligncenter size-full is-resized\"><img loading=\"lazy\" decoding=\"async\" width=\"900\" height=\"234\" src=\"https:\/\/elec-vision.fr\/wp-content\/uploads\/2025\/10\/trina-solar-logo-e1760485563481.png\" alt=\"\" class=\"wp-image-384\" style=\"width:150px\" srcset=\"https:\/\/elec-vision.fr\/wp-content\/uploads\/2025\/10\/trina-solar-logo-e1760485563481.png 900w, https:\/\/elec-vision.fr\/wp-content\/uploads\/2025\/10\/trina-solar-logo-e1760485563481-300x78.png 300w, https:\/\/elec-vision.fr\/wp-content\/uploads\/2025\/10\/trina-solar-logo-e1760485563481-768x200.png 768w\" sizes=\"auto, (max-width: 900px) 100vw, 900px\" \/><\/figure>\n<\/div>\n\n\n\n<div class=\"wp-block-column is-vertically-aligned-center is-layout-flow wp-block-column-is-layout-flow\">\n<figure class=\"wp-block-image aligncenter size-full is-resized\"><img loading=\"lazy\" decoding=\"async\" width=\"477\" height=\"105\" src=\"https:\/\/elec-vision.fr\/wp-content\/uploads\/2025\/10\/dualsun.jpg\" alt=\"\" class=\"wp-image-382\" style=\"width:150px\" srcset=\"https:\/\/elec-vision.fr\/wp-content\/uploads\/2025\/10\/dualsun.jpg 477w, https:\/\/elec-vision.fr\/wp-content\/uploads\/2025\/10\/dualsun-300x66.jpg 300w\" sizes=\"auto, (max-width: 477px) 100vw, 477px\" \/><\/figure>\n<\/div>\n\n\n\n<div class=\"wp-block-column is-vertically-aligned-center is-layout-flow wp-block-column-is-layout-flow\">\n<figure class=\"wp-block-image aligncenter size-full is-resized\"><img loading=\"lazy\" decoding=\"async\" width=\"600\" height=\"74\" src=\"https:\/\/elec-vision.fr\/wp-content\/uploads\/2025\/10\/sunpower.png\" alt=\"\" class=\"wp-image-387\" style=\"width:150px\" srcset=\"https:\/\/elec-vision.fr\/wp-content\/uploads\/2025\/10\/sunpower.png 600w, https:\/\/elec-vision.fr\/wp-content\/uploads\/2025\/10\/sunpower-300x37.png 300w\" sizes=\"auto, (max-width: 600px) 100vw, 600px\" \/><\/figure>\n<\/div>\n\n\n\n<div class=\"wp-block-column is-vertically-aligned-center is-layout-flow wp-block-column-is-layout-flow\">\n<figure class=\"wp-block-image aligncenter size-full is-resized wp-duotone-unset-1\"><img loading=\"lazy\" decoding=\"async\" width=\"427\" height=\"118\" src=\"https:\/\/elec-vision.fr\/wp-content\/uploads\/2025\/10\/qce.png\" alt=\"\" class=\"wp-image-388\" style=\"width:150px\" srcset=\"https:\/\/elec-vision.fr\/wp-content\/uploads\/2025\/10\/qce.png 427w, https:\/\/elec-vision.fr\/wp-content\/uploads\/2025\/10\/qce-300x83.png 300w\" sizes=\"auto, (max-width: 427px) 100vw, 427px\" \/><\/figure>\n<\/div>\n<\/div>\n<\/section>\n\n\n\n<p><\/p>\n","protected":false},"excerpt":{"rendered":"<p>Panneau Solaire Le Panneau Solaire est votre billet pour exploiter la puissance du soleil ! Nos installations de panneaux solaires vous aident \u00e0 g\u00e9n\u00e9rer de l\u2019\u00e9nergie propre et renouvelable pour votre maison ou votre entreprise. En choisissant le solaire, vous r\u00e9duisez non seulement vos factures d\u2019\u00e9lectricit\u00e9, mais vous contribuez \u00e9galement \u00e0 une plan\u00e8te plus saine. [&hellip;]<\/p>\n","protected":false},"author":1,"featured_media":0,"parent":0,"menu_order":0,"comment_status":"closed","ping_status":"closed","template":"","meta":{"footnotes":""},"class_list":["post-210","page","type-page","status-publish","hentry"],"yoast_head":"<!-- This site is optimized with the Yoast SEO plugin v27.3 - https:\/\/yoast.com\/product\/yoast-seo-wordpress\/ -->\n<title>Panneau Solaire - ELEC VISION<\/title>\n<meta name=\"robots\" content=\"index, follow, max-snippet:-1, max-image-preview:large, max-video-preview:-1\" \/>\n<link rel=\"canonical\" href=\"https:\/\/elec-vision.fr\/?page_id=210\" \/>\n<meta property=\"og:locale\" content=\"fr_FR\" \/>\n<meta property=\"og:type\" content=\"article\" \/>\n<meta property=\"og:title\" content=\"Panneau Solaire - ELEC VISION\" \/>\n<meta property=\"og:description\" content=\"Panneau Solaire Le Panneau Solaire est votre billet pour exploiter la puissance du soleil ! Nos installations de panneaux solaires vous aident \u00e0 g\u00e9n\u00e9rer de l\u2019\u00e9nergie propre et renouvelable pour votre maison ou votre entreprise. En choisissant le solaire, vous r\u00e9duisez non seulement vos factures d\u2019\u00e9lectricit\u00e9, mais vous contribuez \u00e9galement \u00e0 une plan\u00e8te plus saine. [&hellip;]\" \/>\n<meta property=\"og:url\" content=\"https:\/\/elec-vision.fr\/?page_id=210\" \/>\n<meta property=\"og:site_name\" content=\"ELEC VISION\" \/>\n<meta property=\"article:modified_time\" content=\"2025-10-21T11:26:29+00:00\" \/>\n<meta property=\"og:image\" content=\"https:\/\/elec-vision.fr\/wp-content\/uploads\/2025\/10\/solar-panel-1393880_1280.png\" \/>\n\t<meta property=\"og:image:width\" content=\"1280\" \/>\n\t<meta property=\"og:image:height\" content=\"720\" \/>\n\t<meta property=\"og:image:type\" content=\"image\/png\" \/>\n<meta name=\"twitter:card\" content=\"summary_large_image\" \/>\n<meta name=\"twitter:label1\" content=\"Dur\u00e9e de lecture estim\u00e9e\" \/>\n\t<meta name=\"twitter:data1\" content=\"3 minutes\" \/>\n<script type=\"application\/ld+json\" class=\"yoast-schema-graph\">{\"@context\":\"https:\\\/\\\/schema.org\",\"@graph\":[{\"@type\":\"WebPage\",\"@id\":\"https:\\\/\\\/elec-vision.fr\\\/?page_id=210\",\"url\":\"https:\\\/\\\/elec-vision.fr\\\/?page_id=210\",\"name\":\"Panneau Solaire - ELEC VISION\",\"isPartOf\":{\"@id\":\"https:\\\/\\\/elec-vision.fr\\\/#website\"},\"primaryImageOfPage\":{\"@id\":\"https:\\\/\\\/elec-vision.fr\\\/?page_id=210#primaryimage\"},\"image\":{\"@id\":\"https:\\\/\\\/elec-vision.fr\\\/?page_id=210#primaryimage\"},\"thumbnailUrl\":\"https:\\\/\\\/elec-vision.fr\\\/wp-content\\\/uploads\\\/2025\\\/10\\\/solar-panel-1393880_1280.png\",\"datePublished\":\"2025-10-07T21:46:58+00:00\",\"dateModified\":\"2025-10-21T11:26:29+00:00\",\"breadcrumb\":{\"@id\":\"https:\\\/\\\/elec-vision.fr\\\/?page_id=210#breadcrumb\"},\"inLanguage\":\"fr-FR\",\"potentialAction\":[{\"@type\":\"ReadAction\",\"target\":[\"https:\\\/\\\/elec-vision.fr\\\/?page_id=210\"]}]},{\"@type\":\"ImageObject\",\"inLanguage\":\"fr-FR\",\"@id\":\"https:\\\/\\\/elec-vision.fr\\\/?page_id=210#primaryimage\",\"url\":\"https:\\\/\\\/elec-vision.fr\\\/wp-content\\\/uploads\\\/2025\\\/10\\\/solar-panel-1393880_1280.png\",\"contentUrl\":\"https:\\\/\\\/elec-vision.fr\\\/wp-content\\\/uploads\\\/2025\\\/10\\\/solar-panel-1393880_1280.png\",\"width\":1280,\"height\":720},{\"@type\":\"BreadcrumbList\",\"@id\":\"https:\\\/\\\/elec-vision.fr\\\/?page_id=210#breadcrumb\",\"itemListElement\":[{\"@type\":\"ListItem\",\"position\":1,\"name\":\"Accueil\",\"item\":\"https:\\\/\\\/elec-vision.fr\\\/\"},{\"@type\":\"ListItem\",\"position\":2,\"name\":\"Panneau Solaire\"}]},{\"@type\":\"WebSite\",\"@id\":\"https:\\\/\\\/elec-vision.fr\\\/#website\",\"url\":\"https:\\\/\\\/elec-vision.fr\\\/\",\"name\":\"ELEC VISION\",\"description\":\"\",\"publisher\":{\"@id\":\"https:\\\/\\\/elec-vision.fr\\\/#organization\"},\"potentialAction\":[{\"@type\":\"SearchAction\",\"target\":{\"@type\":\"EntryPoint\",\"urlTemplate\":\"https:\\\/\\\/elec-vision.fr\\\/?s={search_term_string}\"},\"query-input\":{\"@type\":\"PropertyValueSpecification\",\"valueRequired\":true,\"valueName\":\"search_term_string\"}}],\"inLanguage\":\"fr-FR\"},{\"@type\":\"Organization\",\"@id\":\"https:\\\/\\\/elec-vision.fr\\\/#organization\",\"name\":\"ELEC VISION\",\"url\":\"https:\\\/\\\/elec-vision.fr\\\/\",\"logo\":{\"@type\":\"ImageObject\",\"inLanguage\":\"fr-FR\",\"@id\":\"https:\\\/\\\/elec-vision.fr\\\/#\\\/schema\\\/logo\\\/image\\\/\",\"url\":\"https:\\\/\\\/elec-vision.fr\\\/wp-content\\\/uploads\\\/2025\\\/10\\\/ELEC-VISION-LOGO-T.png\",\"contentUrl\":\"https:\\\/\\\/elec-vision.fr\\\/wp-content\\\/uploads\\\/2025\\\/10\\\/ELEC-VISION-LOGO-T.png\",\"width\":1024,\"height\":1024,\"caption\":\"ELEC VISION\"},\"image\":{\"@id\":\"https:\\\/\\\/elec-vision.fr\\\/#\\\/schema\\\/logo\\\/image\\\/\"}}]}<\/script>\n<!-- \/ Yoast SEO plugin. -->","yoast_head_json":{"title":"Panneau Solaire - ELEC VISION","robots":{"index":"index","follow":"follow","max-snippet":"max-snippet:-1","max-image-preview":"max-image-preview:large","max-video-preview":"max-video-preview:-1"},"canonical":"https:\/\/elec-vision.fr\/?page_id=210","og_locale":"fr_FR","og_type":"article","og_title":"Panneau Solaire - ELEC VISION","og_description":"Panneau Solaire Le Panneau Solaire est votre billet pour exploiter la puissance du soleil ! Nos installations de panneaux solaires vous aident \u00e0 g\u00e9n\u00e9rer de l\u2019\u00e9nergie propre et renouvelable pour votre maison ou votre entreprise. En choisissant le solaire, vous r\u00e9duisez non seulement vos factures d\u2019\u00e9lectricit\u00e9, mais vous contribuez \u00e9galement \u00e0 une plan\u00e8te plus saine. [&hellip;]","og_url":"https:\/\/elec-vision.fr\/?page_id=210","og_site_name":"ELEC VISION","article_modified_time":"2025-10-21T11:26:29+00:00","og_image":[{"width":1280,"height":720,"url":"https:\/\/elec-vision.fr\/wp-content\/uploads\/2025\/10\/solar-panel-1393880_1280.png","type":"image\/png"}],"twitter_card":"summary_large_image","twitter_misc":{"Dur\u00e9e de lecture estim\u00e9e":"3 minutes"},"schema":{"@context":"https:\/\/schema.org","@graph":[{"@type":"WebPage","@id":"https:\/\/elec-vision.fr\/?page_id=210","url":"https:\/\/elec-vision.fr\/?page_id=210","name":"Panneau Solaire - ELEC VISION","isPartOf":{"@id":"https:\/\/elec-vision.fr\/#website"},"primaryImageOfPage":{"@id":"https:\/\/elec-vision.fr\/?page_id=210#primaryimage"},"image":{"@id":"https:\/\/elec-vision.fr\/?page_id=210#primaryimage"},"thumbnailUrl":"https:\/\/elec-vision.fr\/wp-content\/uploads\/2025\/10\/solar-panel-1393880_1280.png","datePublished":"2025-10-07T21:46:58+00:00","dateModified":"2025-10-21T11:26:29+00:00","breadcrumb":{"@id":"https:\/\/elec-vision.fr\/?page_id=210#breadcrumb"},"inLanguage":"fr-FR","potentialAction":[{"@type":"ReadAction","target":["https:\/\/elec-vision.fr\/?page_id=210"]}]},{"@type":"ImageObject","inLanguage":"fr-FR","@id":"https:\/\/elec-vision.fr\/?page_id=210#primaryimage","url":"https:\/\/elec-vision.fr\/wp-content\/uploads\/2025\/10\/solar-panel-1393880_1280.png","contentUrl":"https:\/\/elec-vision.fr\/wp-content\/uploads\/2025\/10\/solar-panel-1393880_1280.png","width":1280,"height":720},{"@type":"BreadcrumbList","@id":"https:\/\/elec-vision.fr\/?page_id=210#breadcrumb","itemListElement":[{"@type":"ListItem","position":1,"name":"Accueil","item":"https:\/\/elec-vision.fr\/"},{"@type":"ListItem","position":2,"name":"Panneau Solaire"}]},{"@type":"WebSite","@id":"https:\/\/elec-vision.fr\/#website","url":"https:\/\/elec-vision.fr\/","name":"ELEC VISION","description":"","publisher":{"@id":"https:\/\/elec-vision.fr\/#organization"},"potentialAction":[{"@type":"SearchAction","target":{"@type":"EntryPoint","urlTemplate":"https:\/\/elec-vision.fr\/?s={search_term_string}"},"query-input":{"@type":"PropertyValueSpecification","valueRequired":true,"valueName":"search_term_string"}}],"inLanguage":"fr-FR"},{"@type":"Organization","@id":"https:\/\/elec-vision.fr\/#organization","name":"ELEC VISION","url":"https:\/\/elec-vision.fr\/","logo":{"@type":"ImageObject","inLanguage":"fr-FR","@id":"https:\/\/elec-vision.fr\/#\/schema\/logo\/image\/","url":"https:\/\/elec-vision.fr\/wp-content\/uploads\/2025\/10\/ELEC-VISION-LOGO-T.png","contentUrl":"https:\/\/elec-vision.fr\/wp-content\/uploads\/2025\/10\/ELEC-VISION-LOGO-T.png","width":1024,"height":1024,"caption":"ELEC VISION"},"image":{"@id":"https:\/\/elec-vision.fr\/#\/schema\/logo\/image\/"}}]}},"jetpack_sharing_enabled":true,"_links":{"self":[{"href":"https:\/\/elec-vision.fr\/index.php?rest_route=\/wp\/v2\/pages\/210","targetHints":{"allow":["GET"]}}],"collection":[{"href":"https:\/\/elec-vision.fr\/index.php?rest_route=\/wp\/v2\/pages"}],"about":[{"href":"https:\/\/elec-vision.fr\/index.php?rest_route=\/wp\/v2\/types\/page"}],"author":[{"embeddable":true,"href":"https:\/\/elec-vision.fr\/index.php?rest_route=\/wp\/v2\/users\/1"}],"replies":[{"embeddable":true,"href":"https:\/\/elec-vision.fr\/index.php?rest_route=%2Fwp%2Fv2%2Fcomments&post=210"}],"version-history":[{"count":16,"href":"https:\/\/elec-vision.fr\/index.php?rest_route=\/wp\/v2\/pages\/210\/revisions"}],"predecessor-version":[{"id":479,"href":"https:\/\/elec-vision.fr\/index.php?rest_route=\/wp\/v2\/pages\/210\/revisions\/479"}],"wp:attachment":[{"href":"https:\/\/elec-vision.fr\/index.php?rest_route=%2Fwp%2Fv2%2Fmedia&parent=210"}],"curies":[{"name":"wp","href":"https:\/\/api.w.org\/{rel}","templated":true}]}}