{"id":204,"date":"2025-10-07T23:44:15","date_gmt":"2025-10-07T21:44:15","guid":{"rendered":"https:\/\/elec-vision.fr\/?page_id=204"},"modified":"2025-10-21T13:27:41","modified_gmt":"2025-10-21T11:27:41","slug":"a-propos","status":"publish","type":"page","link":"https:\/\/elec-vision.fr\/?page_id=204","title":{"rendered":"A Propos"},"content":{"rendered":"\n<div class=\"wp-block-cover alignfull is-light\" style=\"min-height:251px;aspect-ratio:unset;\"><img loading=\"lazy\" decoding=\"async\" width=\"1024\" height=\"683\" class=\"wp-block-cover__image-background wp-image-231 size-large\" alt=\"\" src=\"https:\/\/elec-vision.fr\/wp-content\/uploads\/2025\/10\/outils-de-mise-a-plat-avec-espace-de-copie-1024x683.jpg\" style=\"object-position:85% 46%\" data-object-fit=\"cover\" data-object-position=\"85% 46%\" srcset=\"https:\/\/elec-vision.fr\/wp-content\/uploads\/2025\/10\/outils-de-mise-a-plat-avec-espace-de-copie-1024x683.jpg 1024w, https:\/\/elec-vision.fr\/wp-content\/uploads\/2025\/10\/outils-de-mise-a-plat-avec-espace-de-copie-300x200.jpg 300w, https:\/\/elec-vision.fr\/wp-content\/uploads\/2025\/10\/outils-de-mise-a-plat-avec-espace-de-copie-768x512.jpg 768w, https:\/\/elec-vision.fr\/wp-content\/uploads\/2025\/10\/outils-de-mise-a-plat-avec-espace-de-copie-1536x1024.jpg 1536w, https:\/\/elec-vision.fr\/wp-content\/uploads\/2025\/10\/outils-de-mise-a-plat-avec-espace-de-copie-2048x1365.jpg 2048w\" sizes=\"auto, (max-width: 1024px) 100vw, 1024px\" \/><span aria-hidden=\"true\" class=\"wp-block-cover__background has-white-background-color has-background-dim\"><\/span><div class=\"wp-block-cover__inner-container has-global-padding is-layout-constrained wp-container-core-cover-is-layout-4383d167 wp-block-cover-is-layout-constrained\">\n<p><\/p>\n\n\n\n<p><\/p>\n\n\n\n<h2 class=\"wp-block-heading has-text-align-center has-text-color has-link-color has-suranna-font-family wp-elements-a835f2b9ce6e033daa1e0eb72e270561\" style=\"color:#07277c;font-size:clamp(2.071rem, 2.071rem + ((1vw - 0.2rem) * 2.98), 3.71rem);font-style:normal;font-weight:500\">Votre \u00e9lectricien de confiance<\/h2>\n<\/div><\/div>\n\n\n\n<div class=\"wp-block-group alignfull has-global-padding is-layout-constrained wp-container-core-group-is-layout-4383d167 wp-block-group-is-layout-constrained\">\n<div class=\"wp-block-group alignwide has-global-padding is-layout-constrained wp-container-core-group-is-layout-3dead192 wp-block-group-is-layout-constrained\" style=\"margin-top:0;margin-bottom:0;padding-top:80px;padding-bottom:80px\">\n<div class=\"wp-block-columns alignwide is-layout-flex wp-container-core-columns-is-layout-9cf8123d wp-block-columns-is-layout-flex\">\n<div class=\"wp-block-column is-layout-flow wp-block-column-is-layout-flow\">\n<figure class=\"wp-block-image size-large\"><img loading=\"lazy\" decoding=\"async\" width=\"1024\" height=\"683\" src=\"https:\/\/elec-vision.fr\/wp-content\/uploads\/2025\/10\/gros-plan-de-entrepreneur-dans-chantier-pointage-a-plan-sur-bois-dormeur-1024x683.jpg\" alt=\"\" class=\"wp-image-233\" style=\"aspect-ratio:4\/3;object-fit:cover\" srcset=\"https:\/\/elec-vision.fr\/wp-content\/uploads\/2025\/10\/gros-plan-de-entrepreneur-dans-chantier-pointage-a-plan-sur-bois-dormeur-1024x683.jpg 1024w, https:\/\/elec-vision.fr\/wp-content\/uploads\/2025\/10\/gros-plan-de-entrepreneur-dans-chantier-pointage-a-plan-sur-bois-dormeur-300x200.jpg 300w, https:\/\/elec-vision.fr\/wp-content\/uploads\/2025\/10\/gros-plan-de-entrepreneur-dans-chantier-pointage-a-plan-sur-bois-dormeur-768x513.jpg 768w, https:\/\/elec-vision.fr\/wp-content\/uploads\/2025\/10\/gros-plan-de-entrepreneur-dans-chantier-pointage-a-plan-sur-bois-dormeur-1536x1025.jpg 1536w, https:\/\/elec-vision.fr\/wp-content\/uploads\/2025\/10\/gros-plan-de-entrepreneur-dans-chantier-pointage-a-plan-sur-bois-dormeur-2048x1367.jpg 2048w\" sizes=\"auto, (max-width: 1024px) 100vw, 1024px\" \/><\/figure>\n<\/div>\n\n\n\n<div class=\"wp-block-column is-vertically-aligned-center is-layout-flow wp-block-column-is-layout-flow\" style=\"padding-left:15px\">\n<h2 class=\"wp-block-heading has-text-color has-link-color has-suranna-font-family wp-elements-913eaead511755726c7095e066e07c1e\" style=\"color:#07277c;font-size:clamp(21.536px, 1.346rem + ((1vw - 3.2px) * 1.53), 35px);font-style:normal;font-weight:500;line-height:0.7\">Notre engagement<\/h2>\n\n\n\n<p><\/p>\n\n\n\n<p class=\"has-text-color has-link-color has-outfit-font-family wp-elements-b55f79275bf7e491736446c0af021c1f\" style=\"color:#07277c;font-size:clamp(14px, 0.875rem + ((1vw - 3.2px) * 0.455), 18px);font-style:normal;font-weight:400\">\u00c0 notre base, nous croyons en la qualit\u00e9 et la confiance. En tant qu\u2019\u00e9lectriciens qualifi\u00e9s, nous apportons une expertise \u00e0 chaque emploi, qu\u2019il s\u2019agisse d\u2019\u00e9lectricit\u00e9 g\u00e9n\u00e9rale, de panneaux solaires ou de configurations audiovisuelles. Notre passion nous pousse \u00e0 assurer votre s\u00e9curit\u00e9 et votre satisfaction. Chez nous, vous n\u2019\u00eates pas seulement un client, vous faites partie de notre famille.<\/p>\n\n\n\n<p class=\"has-text-color has-link-color has-outfit-font-family wp-elements-00cca52f196c0ab2927cbecef7b9567c\" style=\"color:#07277c;font-size:clamp(14px, 0.875rem + ((1vw - 3.2px) * 0.455), 18px);font-style:normal;font-weight:400\">Ensemble, illuminons votre monde avec un service fiable et des solutions innovantes!<\/p>\n<\/div>\n<\/div>\n\n\n\n<div class=\"wp-block-columns alignwide is-layout-flex wp-container-core-columns-is-layout-8fd49b0b wp-block-columns-is-layout-flex\" style=\"padding-top:80px\">\n<div class=\"wp-block-column is-vertically-aligned-center is-layout-flow wp-block-column-is-layout-flow\" style=\"padding-right:15px\">\n<h2 class=\"wp-block-heading has-text-color has-link-color has-suranna-font-family wp-elements-8ad2babd37fa98d0a30094962f8e2122\" style=\"color:#07277c;font-size:clamp(21.536px, 1.346rem + ((1vw - 3.2px) * 1.53), 35px);font-style:normal;font-weight:500;line-height:0.7\">Nos Valeurs<\/h2>\n\n\n\n<p><\/p>\n\n\n\n<p class=\"has-text-color has-link-color has-outfit-font-family wp-elements-22f330a6213942d4c4b30903a2601bb2\" style=\"color:#07277c;font-size:clamp(14px, 0.875rem + ((1vw - 3.2px) * 0.455), 18px);font-style:normal;font-weight:400\">Chez ELEC VISION, nous nous engageons \u00e0 r\u00e9aliser vos projets. Notre \u00e9quipe qualifi\u00e9e est sp\u00e9cialis\u00e9e dans l\u2019\u00e9lectricit\u00e9 g\u00e9n\u00e9rale, les bornes de recharge (IRVE), les panneaux solaires et les solutions audiovisuelles. Nous croyons en l\u2019utilisation de notre expertise pour vous fournir des services s\u00fbrs, fiables et \u00e9conomes en \u00e9nergie adapt\u00e9s \u00e0 vos besoins. Avec un fort engagement envers la satisfaction de la client\u00e8le, nous nous assurons que chaque projet est compl\u00e9t\u00e9 avec soin et pr\u00e9cision. Ensemble, cr\u00e9ons un avenir durable et \u00e9lectrisant pour votre maison ou votre entreprise!<\/p>\n<\/div>\n\n\n\n<div class=\"wp-block-column is-layout-flow wp-block-column-is-layout-flow\">\n<figure class=\"wp-block-image size-full\"><img loading=\"lazy\" decoding=\"async\" width=\"1024\" height=\"1024\" src=\"https:\/\/elec-vision.fr\/wp-content\/uploads\/2025\/10\/ELEC-VISION-LOGO-T.png\" alt=\"\" class=\"wp-image-161\" style=\"aspect-ratio:4\/3;object-fit:cover\" srcset=\"https:\/\/elec-vision.fr\/wp-content\/uploads\/2025\/10\/ELEC-VISION-LOGO-T.png 1024w, https:\/\/elec-vision.fr\/wp-content\/uploads\/2025\/10\/ELEC-VISION-LOGO-T-300x300.png 300w, https:\/\/elec-vision.fr\/wp-content\/uploads\/2025\/10\/ELEC-VISION-LOGO-T-150x150.png 150w, https:\/\/elec-vision.fr\/wp-content\/uploads\/2025\/10\/ELEC-VISION-LOGO-T-768x768.png 768w\" sizes=\"auto, (max-width: 1024px) 100vw, 1024px\" \/><\/figure>\n<\/div>\n<\/div>\n<\/div>\n<\/div>\n\n\n\n<section class=\"wp-block-group alignfull has-text-color has-global-padding is-layout-constrained wp-container-core-group-is-layout-68a273fd wp-block-group-is-layout-constrained\" style=\"color:#010101;margin-top:0px;padding-top:5.01rem;padding-right:1rem;padding-bottom:4.01rem;padding-left:1rem;font-size:clamp(0.875rem, 0.875rem + ((1vw - 0.2rem) * 0.464), 1.13rem);font-style:normal;font-weight:400;line-height:1.4\">\n<h2 class=\"wp-block-heading has-text-align-center has-text-color\" style=\"color:#07277c;margin-top:0.51rem;margin-bottom:1.01rem;font-size:clamp(2.026rem, 2.026rem + ((1vw - 0.2rem) * 2.88), 3.61rem);font-style:normal;font-weight:500;line-height:1.3\">Pourquoi nous choisir ?<\/h2>\n\n\n\n<div class=\"wp-block-columns is-layout-flex wp-container-core-columns-is-layout-686e267c wp-block-columns-is-layout-flex\" style=\"margin-bottom:0px\">\n<div class=\"wp-block-column has-global-padding is-layout-constrained wp-container-core-column-is-layout-92d29198 wp-block-column-is-layout-constrained\" style=\"padding-top:0px;padding-bottom:0px;padding-left:0rem\">\n<div class=\"wp-block-group has-text-color has-background is-vertical is-content-justification-center is-layout-flex wp-container-core-group-is-layout-54950a31 wp-block-group-is-layout-flex\" style=\"color:#010101;background-color:#fffffd;padding-top:1.01rem;padding-right:1.51rem;padding-bottom:1.01rem;padding-left:1.51rem\">\n<h3 class=\"wp-block-heading has-text-align-center has-text-color has-link-color wp-elements-7ec374bd8a1c1eb0e1308c5e4a67f6cc\" style=\"color:#07277c;font-size:clamp(0.912rem, 0.912rem + ((1vw - 0.2rem) * 0.833), 1.37rem);text-decoration:none\"><strong>\u00c9quipe d&rsquo;experts<\/strong><\/h3>\n\n\n\n<p class=\"has-text-align-center has-text-color\" style=\"color:#07277c;margin-top:0rem;margin-bottom:1.01rem;font-size:clamp(0.875rem, 0.875rem + ((1vw - 0.2rem) * 0.045), 0.9rem);line-height:1.5\">Nos \u00e9lectriciens qualifi\u00e9s sont d\u00e9di\u00e9s \u00e0 fournir un travail de qualit\u00e9.<\/p>\n<\/div>\n<\/div>\n\n\n\n<div class=\"wp-block-column has-global-padding is-layout-constrained wp-container-core-column-is-layout-92d29198 wp-block-column-is-layout-constrained\" style=\"padding-top:0px;padding-bottom:0px;padding-left:0rem\">\n<div class=\"wp-block-group has-text-color has-background is-vertical is-content-justification-center is-layout-flex wp-container-core-group-is-layout-54950a31 wp-block-group-is-layout-flex\" style=\"color:#010101;background-color:#fffffd;padding-top:1.01rem;padding-right:1.51rem;padding-bottom:1.01rem;padding-left:1.51rem\">\n<h3 class=\"wp-block-heading has-text-align-center has-text-color has-link-color wp-elements-023d143445292edaae5f09cd47ab8e03\" style=\"color:#07277c;font-size:clamp(0.901rem, 0.901rem + ((1vw - 0.2rem) * 0.816), 1.35rem);text-decoration:none\"><strong>Efficacit\u00e9 \u00e9nerg\u00e9tique<\/strong><\/h3>\n\n\n\n<p class=\"has-text-align-center has-text-color\" style=\"color:#07277c;margin-top:0rem;margin-bottom:1.01rem;font-size:clamp(0.875rem, 0.875rem + ((1vw - 0.2rem) * 0.045), 0.9rem);line-height:1.5\">Nous vous proposons des solutions qui vous aident \u00e0 \u00e9conomiser de l\u2019\u00e9nergie et \u00e0 r\u00e9duire vos factures tout en prot\u00e9geant la plan\u00e8te.<\/p>\n<\/div>\n<\/div>\n\n\n\n<div class=\"wp-block-column has-global-padding is-layout-constrained wp-container-core-column-is-layout-92d29198 wp-block-column-is-layout-constrained\" style=\"padding-top:0px;padding-bottom:0px;padding-left:0rem\">\n<div class=\"wp-block-group has-text-color has-background is-vertical is-content-justification-center is-layout-flex wp-container-core-group-is-layout-54950a31 wp-block-group-is-layout-flex\" style=\"color:#010101;background-color:#fffffd;padding-top:1.01rem;padding-right:1.51rem;padding-bottom:1.01rem;padding-left:1.51rem\">\n<h3 class=\"wp-block-heading has-text-align-center has-text-color has-link-color wp-elements-1ed10c1204c2eff33711acb31c74cafe\" style=\"color:#07277c;font-size:clamp(0.884rem, 0.884rem + ((1vw - 0.2rem) * 0.793), 1.32rem);text-decoration:none\"><strong>Client focalis\u00e9<\/strong><\/h3>\n\n\n\n<p class=\"has-text-align-center has-text-color\" style=\"color:#07277c;margin-top:0rem;margin-bottom:1.01rem;font-size:clamp(0.875rem, 0.875rem + ((1vw - 0.2rem) * 0.045), 0.9rem);line-height:1.5\">Vos besoins viennent en premier. Nous \u00e9coutons, communiquons et nous nous assurons que vous \u00eates satisfait de chaque projet.<\/p>\n<\/div>\n<\/div>\n\n\n\n<div class=\"wp-block-column has-global-padding is-layout-constrained wp-container-core-column-is-layout-92d29198 wp-block-column-is-layout-constrained\" style=\"padding-top:0px;padding-bottom:0px;padding-left:0rem\">\n<div class=\"wp-block-group has-text-color has-background is-vertical is-content-justification-center is-layout-flex wp-container-core-group-is-layout-54950a31 wp-block-group-is-layout-flex\" style=\"color:#010101;background-color:#fffffd;padding-top:1.01rem;padding-right:1.51rem;padding-bottom:1.01rem;padding-left:1.51rem\">\n<h3 class=\"wp-block-heading has-text-align-center has-text-color has-link-color wp-elements-4794e222af270306999ffc05f7c27414\" style=\"color:#07277c;font-size:clamp(0.875rem, 0.875rem + ((1vw - 0.2rem) * 0.773), 1.3rem);text-decoration:none\"><strong>Solutions innovantes<\/strong><\/h3>\n\n\n\n<p class=\"has-text-align-center has-text-color\" style=\"color:#07277c;margin-top:0rem;margin-bottom:1.01rem;font-size:clamp(0.875rem, 0.875rem + ((1vw - 0.2rem) * 0.045), 0.9rem);line-height:1.5\">Nous restons informer des derni\u00e8res technologies, afin de vous offrir des solutions modernes pour vos besoins.<\/p>\n<\/div>\n<\/div>\n<\/div>\n<\/section>\n\n\n\n<section class=\"wp-block-cover alignfull is-light\" style=\"margin-top:0px;padding-bottom:13.51rem;min-height:620px;aspect-ratio:unset;\"><img loading=\"lazy\" decoding=\"async\" width=\"1024\" height=\"682\" class=\"wp-block-cover__image-background wp-image-257 size-large\" alt=\"\" src=\"https:\/\/elec-vision.fr\/wp-content\/uploads\/2025\/10\/pexels-olia-danilevich-53133611-1024x682.jpg\" data-object-fit=\"cover\" srcset=\"https:\/\/elec-vision.fr\/wp-content\/uploads\/2025\/10\/pexels-olia-danilevich-53133611-1024x682.jpg 1024w, https:\/\/elec-vision.fr\/wp-content\/uploads\/2025\/10\/pexels-olia-danilevich-53133611-300x200.jpg 300w, https:\/\/elec-vision.fr\/wp-content\/uploads\/2025\/10\/pexels-olia-danilevich-53133611-768x512.jpg 768w, https:\/\/elec-vision.fr\/wp-content\/uploads\/2025\/10\/pexels-olia-danilevich-53133611.jpg 1280w\" sizes=\"auto, (max-width: 1024px) 100vw, 1024px\" \/><span aria-hidden=\"true\" class=\"wp-block-cover__background has-white-background-color has-background-dim-40 has-background-dim\"><\/span><div class=\"wp-block-cover__inner-container has-global-padding is-layout-constrained wp-container-core-cover-is-layout-14880c13 wp-block-cover-is-layout-constrained\">\n<div class=\"wp-block-group alignfull has-text-color has-global-padding is-layout-constrained wp-container-core-group-is-layout-6f61d7e7 wp-block-group-is-layout-constrained\" style=\"color:#252525;margin-top:0px;padding-top:0rem;padding-right:1rem;padding-bottom:0rem;padding-left:1rem;font-size:clamp(0.875rem, 0.875rem + ((1vw - 0.2rem) * 0.464), 1.13rem);font-style:normal;font-weight:400;line-height:1.4\">\n<div class=\"wp-block-group is-vertical is-content-justification-center is-layout-flex wp-container-core-group-is-layout-b6c1f246 wp-block-group-is-layout-flex\">\n<div class=\"wp-block-group has-global-padding is-layout-constrained wp-container-core-group-is-layout-a099c240 wp-block-group-is-layout-constrained\">\n<h2 class=\"wp-block-heading has-text-align-center has-text-color\" style=\"color:#07277c;margin-bottom:1.11rem;font-size:clamp(1.556rem, 1.556rem + ((1vw - 0.2rem) * 1.916), 2.61rem);font-style:normal;font-weight:500;line-height:1.2;text-transform:capitalize\">contactez-nous<\/h2>\n\n\n\n<p class=\"has-text-align-center has-text-color\" style=\"color:#07277c;margin-top:0rem;font-size:clamp(0.875rem, 0.875rem + ((1vw - 0.2rem) * 0.427), 1.11rem);font-style:normal;font-weight:400;line-height:1.6\">Vous avez des questions ? Nous sommes l\u00e0 pour vous aider ! Contactez-nous d\u00e8s aujourd&rsquo;hui pour des conseils et un service d&rsquo;experts!<\/p>\n\n\n\n<div class=\"wp-block-group is-vertical is-content-justification-stretch is-layout-flex wp-container-core-group-is-layout-be82aac6 wp-block-group-is-layout-flex\" style=\"margin-top:0rem;padding-right:0px;padding-left:0px\">\n<div class=\"wp-block-group has-global-padding is-content-justification-center is-layout-constrained wp-container-core-group-is-layout-0638dde4 wp-block-group-is-layout-constrained\" style=\"margin-top:0px\">\n<div class=\"wp-block-buttons is-horizontal is-content-justification-right is-layout-flex wp-container-core-buttons-is-layout-1b0e492f wp-block-buttons-is-layout-flex\" style=\"margin-top:2.21rem\">\n<div class=\"wp-block-button has-custom-width wp-block-button__width-100 is-style-fill\"><a class=\"wp-block-button__link has-text-color has-background has-border-color has-custom-font-size wp-element-button\" href=\"https:\/\/elec-vision.fr\/?page_id=214\" style=\"border-color:#041d55;border-style:solid;border-width:1px;border-radius:2.5rem;color:#07277c;background-color:#ffffff;padding-top:1.1rem;padding-right:0.81rem;padding-bottom:1.1rem;padding-left:0.81rem;font-size:clamp(0.875rem, 0.875rem + ((1vw - 0.2rem) * 0.609), 1.21rem);font-style:normal;font-weight:400;line-height:1;text-transform:capitalize\">Contactez-nous<\/a><\/div>\n<\/div>\n<\/div>\n<\/div>\n<\/div>\n<\/div>\n<\/div>\n<\/div><\/section>\n","protected":false},"excerpt":{"rendered":"<p>Notre engagement \u00c0 notre base, nous croyons en la qualit\u00e9 et la confiance. En tant qu\u2019\u00e9lectriciens qualifi\u00e9s, nous apportons une expertise \u00e0 chaque emploi, qu\u2019il s\u2019agisse d\u2019\u00e9lectricit\u00e9 g\u00e9n\u00e9rale, de panneaux solaires ou de configurations audiovisuelles. Notre passion nous pousse \u00e0 assurer votre s\u00e9curit\u00e9 et votre satisfaction. Chez nous, vous n\u2019\u00eates pas seulement un client, vous [&hellip;]<\/p>\n","protected":false},"author":1,"featured_media":0,"parent":0,"menu_order":0,"comment_status":"closed","ping_status":"closed","template":"","meta":{"footnotes":""},"class_list":["post-204","page","type-page","status-publish","hentry"],"yoast_head":"<!-- This site is optimized with the Yoast SEO plugin v27.3 - https:\/\/yoast.com\/product\/yoast-seo-wordpress\/ -->\n<title>A Propos - ELEC VISION<\/title>\n<meta name=\"robots\" content=\"index, follow, max-snippet:-1, max-image-preview:large, max-video-preview:-1\" \/>\n<link rel=\"canonical\" href=\"https:\/\/elec-vision.fr\/?page_id=204\" \/>\n<meta property=\"og:locale\" content=\"fr_FR\" \/>\n<meta property=\"og:type\" content=\"article\" \/>\n<meta property=\"og:title\" content=\"A Propos - ELEC VISION\" \/>\n<meta property=\"og:description\" content=\"Notre engagement \u00c0 notre base, nous croyons en la qualit\u00e9 et la confiance. En tant qu\u2019\u00e9lectriciens qualifi\u00e9s, nous apportons une expertise \u00e0 chaque emploi, qu\u2019il s\u2019agisse d\u2019\u00e9lectricit\u00e9 g\u00e9n\u00e9rale, de panneaux solaires ou de configurations audiovisuelles. Notre passion nous pousse \u00e0 assurer votre s\u00e9curit\u00e9 et votre satisfaction. Chez nous, vous n\u2019\u00eates pas seulement un client, vous [&hellip;]\" \/>\n<meta property=\"og:url\" content=\"https:\/\/elec-vision.fr\/?page_id=204\" \/>\n<meta property=\"og:site_name\" content=\"ELEC VISION\" \/>\n<meta property=\"article:modified_time\" content=\"2025-10-21T11:27:41+00:00\" \/>\n<meta property=\"og:image\" content=\"https:\/\/elec-vision.fr\/wp-content\/uploads\/2025\/10\/outils-de-mise-a-plat-avec-espace-de-copie-scaled.jpg\" \/>\n\t<meta property=\"og:image:width\" content=\"2560\" \/>\n\t<meta property=\"og:image:height\" content=\"1707\" \/>\n\t<meta property=\"og:image:type\" content=\"image\/jpeg\" \/>\n<meta name=\"twitter:card\" content=\"summary_large_image\" \/>\n<meta name=\"twitter:label1\" content=\"Dur\u00e9e de lecture estim\u00e9e\" \/>\n\t<meta name=\"twitter:data1\" content=\"3 minutes\" \/>\n<script type=\"application\/ld+json\" class=\"yoast-schema-graph\">{\"@context\":\"https:\\\/\\\/schema.org\",\"@graph\":[{\"@type\":\"WebPage\",\"@id\":\"https:\\\/\\\/elec-vision.fr\\\/?page_id=204\",\"url\":\"https:\\\/\\\/elec-vision.fr\\\/?page_id=204\",\"name\":\"A Propos - ELEC VISION\",\"isPartOf\":{\"@id\":\"https:\\\/\\\/elec-vision.fr\\\/#website\"},\"primaryImageOfPage\":{\"@id\":\"https:\\\/\\\/elec-vision.fr\\\/?page_id=204#primaryimage\"},\"image\":{\"@id\":\"https:\\\/\\\/elec-vision.fr\\\/?page_id=204#primaryimage\"},\"thumbnailUrl\":\"https:\\\/\\\/elec-vision.fr\\\/wp-content\\\/uploads\\\/2025\\\/10\\\/outils-de-mise-a-plat-avec-espace-de-copie-1024x683.jpg\",\"datePublished\":\"2025-10-07T21:44:15+00:00\",\"dateModified\":\"2025-10-21T11:27:41+00:00\",\"breadcrumb\":{\"@id\":\"https:\\\/\\\/elec-vision.fr\\\/?page_id=204#breadcrumb\"},\"inLanguage\":\"fr-FR\",\"potentialAction\":[{\"@type\":\"ReadAction\",\"target\":[\"https:\\\/\\\/elec-vision.fr\\\/?page_id=204\"]}]},{\"@type\":\"ImageObject\",\"inLanguage\":\"fr-FR\",\"@id\":\"https:\\\/\\\/elec-vision.fr\\\/?page_id=204#primaryimage\",\"url\":\"https:\\\/\\\/elec-vision.fr\\\/wp-content\\\/uploads\\\/2025\\\/10\\\/outils-de-mise-a-plat-avec-espace-de-copie-scaled.jpg\",\"contentUrl\":\"https:\\\/\\\/elec-vision.fr\\\/wp-content\\\/uploads\\\/2025\\\/10\\\/outils-de-mise-a-plat-avec-espace-de-copie-scaled.jpg\",\"width\":2560,\"height\":1707},{\"@type\":\"BreadcrumbList\",\"@id\":\"https:\\\/\\\/elec-vision.fr\\\/?page_id=204#breadcrumb\",\"itemListElement\":[{\"@type\":\"ListItem\",\"position\":1,\"name\":\"Accueil\",\"item\":\"https:\\\/\\\/elec-vision.fr\\\/\"},{\"@type\":\"ListItem\",\"position\":2,\"name\":\"A Propos\"}]},{\"@type\":\"WebSite\",\"@id\":\"https:\\\/\\\/elec-vision.fr\\\/#website\",\"url\":\"https:\\\/\\\/elec-vision.fr\\\/\",\"name\":\"ELEC VISION\",\"description\":\"\",\"publisher\":{\"@id\":\"https:\\\/\\\/elec-vision.fr\\\/#organization\"},\"potentialAction\":[{\"@type\":\"SearchAction\",\"target\":{\"@type\":\"EntryPoint\",\"urlTemplate\":\"https:\\\/\\\/elec-vision.fr\\\/?s={search_term_string}\"},\"query-input\":{\"@type\":\"PropertyValueSpecification\",\"valueRequired\":true,\"valueName\":\"search_term_string\"}}],\"inLanguage\":\"fr-FR\"},{\"@type\":\"Organization\",\"@id\":\"https:\\\/\\\/elec-vision.fr\\\/#organization\",\"name\":\"ELEC VISION\",\"url\":\"https:\\\/\\\/elec-vision.fr\\\/\",\"logo\":{\"@type\":\"ImageObject\",\"inLanguage\":\"fr-FR\",\"@id\":\"https:\\\/\\\/elec-vision.fr\\\/#\\\/schema\\\/logo\\\/image\\\/\",\"url\":\"https:\\\/\\\/elec-vision.fr\\\/wp-content\\\/uploads\\\/2025\\\/10\\\/ELEC-VISION-LOGO-T.png\",\"contentUrl\":\"https:\\\/\\\/elec-vision.fr\\\/wp-content\\\/uploads\\\/2025\\\/10\\\/ELEC-VISION-LOGO-T.png\",\"width\":1024,\"height\":1024,\"caption\":\"ELEC VISION\"},\"image\":{\"@id\":\"https:\\\/\\\/elec-vision.fr\\\/#\\\/schema\\\/logo\\\/image\\\/\"}}]}<\/script>\n<!-- \/ Yoast SEO plugin. -->","yoast_head_json":{"title":"A Propos - ELEC VISION","robots":{"index":"index","follow":"follow","max-snippet":"max-snippet:-1","max-image-preview":"max-image-preview:large","max-video-preview":"max-video-preview:-1"},"canonical":"https:\/\/elec-vision.fr\/?page_id=204","og_locale":"fr_FR","og_type":"article","og_title":"A Propos - ELEC VISION","og_description":"Notre engagement \u00c0 notre base, nous croyons en la qualit\u00e9 et la confiance. En tant qu\u2019\u00e9lectriciens qualifi\u00e9s, nous apportons une expertise \u00e0 chaque emploi, qu\u2019il s\u2019agisse d\u2019\u00e9lectricit\u00e9 g\u00e9n\u00e9rale, de panneaux solaires ou de configurations audiovisuelles. Notre passion nous pousse \u00e0 assurer votre s\u00e9curit\u00e9 et votre satisfaction. Chez nous, vous n\u2019\u00eates pas seulement un client, vous [&hellip;]","og_url":"https:\/\/elec-vision.fr\/?page_id=204","og_site_name":"ELEC VISION","article_modified_time":"2025-10-21T11:27:41+00:00","og_image":[{"width":2560,"height":1707,"url":"https:\/\/elec-vision.fr\/wp-content\/uploads\/2025\/10\/outils-de-mise-a-plat-avec-espace-de-copie-scaled.jpg","type":"image\/jpeg"}],"twitter_card":"summary_large_image","twitter_misc":{"Dur\u00e9e de lecture estim\u00e9e":"3 minutes"},"schema":{"@context":"https:\/\/schema.org","@graph":[{"@type":"WebPage","@id":"https:\/\/elec-vision.fr\/?page_id=204","url":"https:\/\/elec-vision.fr\/?page_id=204","name":"A Propos - ELEC VISION","isPartOf":{"@id":"https:\/\/elec-vision.fr\/#website"},"primaryImageOfPage":{"@id":"https:\/\/elec-vision.fr\/?page_id=204#primaryimage"},"image":{"@id":"https:\/\/elec-vision.fr\/?page_id=204#primaryimage"},"thumbnailUrl":"https:\/\/elec-vision.fr\/wp-content\/uploads\/2025\/10\/outils-de-mise-a-plat-avec-espace-de-copie-1024x683.jpg","datePublished":"2025-10-07T21:44:15+00:00","dateModified":"2025-10-21T11:27:41+00:00","breadcrumb":{"@id":"https:\/\/elec-vision.fr\/?page_id=204#breadcrumb"},"inLanguage":"fr-FR","potentialAction":[{"@type":"ReadAction","target":["https:\/\/elec-vision.fr\/?page_id=204"]}]},{"@type":"ImageObject","inLanguage":"fr-FR","@id":"https:\/\/elec-vision.fr\/?page_id=204#primaryimage","url":"https:\/\/elec-vision.fr\/wp-content\/uploads\/2025\/10\/outils-de-mise-a-plat-avec-espace-de-copie-scaled.jpg","contentUrl":"https:\/\/elec-vision.fr\/wp-content\/uploads\/2025\/10\/outils-de-mise-a-plat-avec-espace-de-copie-scaled.jpg","width":2560,"height":1707},{"@type":"BreadcrumbList","@id":"https:\/\/elec-vision.fr\/?page_id=204#breadcrumb","itemListElement":[{"@type":"ListItem","position":1,"name":"Accueil","item":"https:\/\/elec-vision.fr\/"},{"@type":"ListItem","position":2,"name":"A Propos"}]},{"@type":"WebSite","@id":"https:\/\/elec-vision.fr\/#website","url":"https:\/\/elec-vision.fr\/","name":"ELEC VISION","description":"","publisher":{"@id":"https:\/\/elec-vision.fr\/#organization"},"potentialAction":[{"@type":"SearchAction","target":{"@type":"EntryPoint","urlTemplate":"https:\/\/elec-vision.fr\/?s={search_term_string}"},"query-input":{"@type":"PropertyValueSpecification","valueRequired":true,"valueName":"search_term_string"}}],"inLanguage":"fr-FR"},{"@type":"Organization","@id":"https:\/\/elec-vision.fr\/#organization","name":"ELEC VISION","url":"https:\/\/elec-vision.fr\/","logo":{"@type":"ImageObject","inLanguage":"fr-FR","@id":"https:\/\/elec-vision.fr\/#\/schema\/logo\/image\/","url":"https:\/\/elec-vision.fr\/wp-content\/uploads\/2025\/10\/ELEC-VISION-LOGO-T.png","contentUrl":"https:\/\/elec-vision.fr\/wp-content\/uploads\/2025\/10\/ELEC-VISION-LOGO-T.png","width":1024,"height":1024,"caption":"ELEC VISION"},"image":{"@id":"https:\/\/elec-vision.fr\/#\/schema\/logo\/image\/"}}]}},"jetpack_sharing_enabled":true,"_links":{"self":[{"href":"https:\/\/elec-vision.fr\/index.php?rest_route=\/wp\/v2\/pages\/204","targetHints":{"allow":["GET"]}}],"collection":[{"href":"https:\/\/elec-vision.fr\/index.php?rest_route=\/wp\/v2\/pages"}],"about":[{"href":"https:\/\/elec-vision.fr\/index.php?rest_route=\/wp\/v2\/types\/page"}],"author":[{"embeddable":true,"href":"https:\/\/elec-vision.fr\/index.php?rest_route=\/wp\/v2\/users\/1"}],"replies":[{"embeddable":true,"href":"https:\/\/elec-vision.fr\/index.php?rest_route=%2Fwp%2Fv2%2Fcomments&post=204"}],"version-history":[{"count":13,"href":"https:\/\/elec-vision.fr\/index.php?rest_route=\/wp\/v2\/pages\/204\/revisions"}],"predecessor-version":[{"id":480,"href":"https:\/\/elec-vision.fr\/index.php?rest_route=\/wp\/v2\/pages\/204\/revisions\/480"}],"wp:attachment":[{"href":"https:\/\/elec-vision.fr\/index.php?rest_route=%2Fwp%2Fv2%2Fmedia&parent=204"}],"curies":[{"name":"wp","href":"https:\/\/api.w.org\/{rel}","templated":true}]}}